{"id":450,"date":"2025-06-17T09:14:47","date_gmt":"2025-06-17T07:14:47","guid":{"rendered":"https:\/\/www.candelaink.es\/?page_id=450"},"modified":"2025-07-11T13:15:08","modified_gmt":"2025-07-11T11:15:08","slug":"sobre-mi","status":"publish","type":"page","link":"https:\/\/www.candelaink.es\/en\/sobre-mi\/","title":{"rendered":"About me"},"content":{"rendered":"<div data-elementor-type=\"wp-page\" data-elementor-id=\"450\" class=\"elementor elementor-450\" data-elementor-post-type=\"page\">\n\t\t\t\t\t\t<section class=\"elementor-section elementor-top-section elementor-element elementor-element-1a067ad9 animated-slow elementor-section-boxed elementor-section-height-default elementor-section-height-default elementor-invisible\" data-id=\"1a067ad9\" data-element_type=\"section\" data-e-type=\"section\" data-settings=\"{&quot;background_background&quot;:&quot;classic&quot;,&quot;animation&quot;:&quot;fadeIn&quot;,&quot;animation_mobile&quot;:&quot;fadeIn&quot;}\">\n\t\t\t\t\t\t<div class=\"elementor-container elementor-column-gap-default\">\n\t\t\t\t\t<div class=\"elementor-column elementor-col-100 elementor-top-column elementor-element elementor-element-7f11d371\" data-id=\"7f11d371\" data-element_type=\"column\" data-e-type=\"column\">\n\t\t\t<div class=\"elementor-widget-wrap elementor-element-populated\">\n\t\t\t\t\t\t<div class=\"elementor-element elementor-element-34ffb732 elementor-invisible elementor-widget elementor-widget-heading\" data-id=\"34ffb732\" data-element_type=\"widget\" data-e-type=\"widget\" data-settings=\"{&quot;_animation&quot;:&quot;fadeInUp&quot;,&quot;_animation_mobile&quot;:&quot;fadeIn&quot;,&quot;_animation_delay&quot;:100}\" data-widget_type=\"heading.default\">\n\t\t\t\t<div class=\"elementor-widget-container\">\n\t\t\t\t\t<h1 class=\"elementor-heading-title elementor-size-default\">About me<\/h1>\t\t\t\t<\/div>\n\t\t\t\t<\/div>\n\t\t\t\t\t<\/div>\n\t\t<\/div>\n\t\t\t\t\t<\/div>\n\t\t<\/section>\n\t\t\t\t<section class=\"elementor-section elementor-top-section elementor-element elementor-element-394e5183 elementor-section-boxed elementor-section-height-default elementor-section-height-default\" data-id=\"394e5183\" data-element_type=\"section\" data-e-type=\"section\" data-settings=\"{&quot;background_background&quot;:&quot;classic&quot;}\">\n\t\t\t\t\t\t<div class=\"elementor-container elementor-column-gap-default\">\n\t\t\t\t\t<div class=\"elementor-column elementor-col-100 elementor-top-column elementor-element elementor-element-3127281e\" data-id=\"3127281e\" data-element_type=\"column\" data-e-type=\"column\">\n\t\t\t<div class=\"elementor-widget-wrap elementor-element-populated\">\n\t\t\t\t\t\t<section class=\"elementor-section elementor-inner-section elementor-element elementor-element-40848568 elementor-section-boxed elementor-section-height-default elementor-section-height-default\" data-id=\"40848568\" data-element_type=\"section\" data-e-type=\"section\">\n\t\t\t\t\t\t<div class=\"elementor-container elementor-column-gap-default\">\n\t\t\t\t\t<div class=\"elementor-column elementor-col-100 elementor-inner-column elementor-element elementor-element-fb84f99\" data-id=\"fb84f99\" data-element_type=\"column\" data-e-type=\"column\">\n\t\t\t<div class=\"elementor-widget-wrap elementor-element-populated\">\n\t\t\t\t\t\t<div class=\"elementor-element elementor-element-2f861053 elementor-invisible elementor-widget elementor-widget-heading\" data-id=\"2f861053\" data-element_type=\"widget\" data-e-type=\"widget\" data-settings=\"{&quot;_animation&quot;:&quot;fadeInUp&quot;}\" data-widget_type=\"heading.default\">\n\t\t\t\t<div class=\"elementor-widget-container\">\n\t\t\t\t\t<h2 class=\"elementor-heading-title elementor-size-default\">Alfredo Candela. Freelance graphic designer and illustrator.<\/h2>\t\t\t\t<\/div>\n\t\t\t\t<\/div>\n\t\t\t\t<div class=\"elementor-element elementor-element-1f1af564 elementor-invisible elementor-widget elementor-widget-heading\" data-id=\"1f1af564\" data-element_type=\"widget\" data-e-type=\"widget\" data-settings=\"{&quot;_animation&quot;:&quot;fadeInUp&quot;,&quot;_animation_delay&quot;:200}\" data-widget_type=\"heading.default\">\n\t\t\t\t<div class=\"elementor-widget-container\">\n\t\t\t\t\t<h3 class=\"elementor-heading-title elementor-size-default\">I&#039;m dedicated to creating clean, coherent, and distinctive visual pieces. I work with brands, publishers, and studios that value the power of well-crafted design.<\/h3>\t\t\t\t<\/div>\n\t\t\t\t<\/div>\n\t\t\t\t\t<\/div>\n\t\t<\/div>\n\t\t\t\t\t<\/div>\n\t\t<\/section>\n\t\t\t\t\t<\/div>\n\t\t<\/div>\n\t\t\t\t\t<\/div>\n\t\t<\/section>\n\t\t\t\t<section class=\"elementor-section elementor-top-section elementor-element elementor-element-218d9edd elementor-section-full_width elementor-section-height-default elementor-section-height-default\" data-id=\"218d9edd\" data-element_type=\"section\" data-e-type=\"section\" data-settings=\"{&quot;background_background&quot;:&quot;classic&quot;}\">\n\t\t\t\t\t\t<div class=\"elementor-container elementor-column-gap-default\">\n\t\t\t\t\t<div class=\"elementor-column elementor-col-100 elementor-top-column elementor-element elementor-element-14a74d72\" data-id=\"14a74d72\" data-element_type=\"column\" data-e-type=\"column\" data-settings=\"{&quot;background_background&quot;:&quot;classic&quot;}\">\n\t\t\t<div class=\"elementor-widget-wrap elementor-element-populated\">\n\t\t\t\t\t\t<div class=\"elementor-element elementor-element-b7dfb76 elementor-widget elementor-widget-image\" data-id=\"b7dfb76\" data-element_type=\"widget\" data-e-type=\"widget\" data-widget_type=\"image.default\">\n\t\t\t\t<div class=\"elementor-widget-container\">\n\t\t\t\t\t\t\t\t\t\t\t\t\t\t\t<img fetchpriority=\"high\" decoding=\"async\" width=\"800\" height=\"534\" src=\"https:\/\/www.candelaink.es\/wp-content\/uploads\/2025\/06\/team-web-designer-working-drawing-something-on-gra-2025-03-08-13-06-36-utc-1024x683.jpg\" class=\"attachment-large size-large wp-image-717\" alt=\"Designer&#039;s desk\" srcset=\"https:\/\/www.candelaink.es\/wp-content\/uploads\/2025\/06\/team-web-designer-working-drawing-something-on-gra-2025-03-08-13-06-36-utc-1024x683.jpg 1024w, https:\/\/www.candelaink.es\/wp-content\/uploads\/2025\/06\/team-web-designer-working-drawing-something-on-gra-2025-03-08-13-06-36-utc-300x200.jpg 300w, https:\/\/www.candelaink.es\/wp-content\/uploads\/2025\/06\/team-web-designer-working-drawing-something-on-gra-2025-03-08-13-06-36-utc-768x512.jpg 768w, https:\/\/www.candelaink.es\/wp-content\/uploads\/2025\/06\/team-web-designer-working-drawing-something-on-gra-2025-03-08-13-06-36-utc-18x12.jpg 18w, https:\/\/www.candelaink.es\/wp-content\/uploads\/2025\/06\/team-web-designer-working-drawing-something-on-gra-2025-03-08-13-06-36-utc.jpg 1500w\" sizes=\"(max-width: 800px) 100vw, 800px\" \/>\t\t\t\t\t\t\t\t\t\t\t\t\t\t\t<\/div>\n\t\t\t\t<\/div>\n\t\t\t\t<section class=\"elementor-section elementor-inner-section elementor-element elementor-element-21788529 elementor-section-boxed elementor-section-height-default elementor-section-height-default\" data-id=\"21788529\" data-element_type=\"section\" data-e-type=\"section\">\n\t\t\t\t\t\t<div class=\"elementor-container elementor-column-gap-default\">\n\t\t\t\t\t<div class=\"elementor-column elementor-col-100 elementor-inner-column elementor-element elementor-element-43b69214\" data-id=\"43b69214\" data-element_type=\"column\" data-e-type=\"column\">\n\t\t\t<div class=\"elementor-widget-wrap elementor-element-populated\">\n\t\t\t\t\t\t<div class=\"elementor-element elementor-element-72feaa9 elementor-align-center elementor-mobile-align-center animated-slow elementor-invisible elementor-widget elementor-widget-button\" data-id=\"72feaa9\" data-element_type=\"widget\" data-e-type=\"widget\" data-settings=\"{&quot;_animation&quot;:&quot;fadeIn&quot;,&quot;_animation_delay&quot;:0,&quot;_animation_mobile&quot;:&quot;fadeIn&quot;}\" data-widget_type=\"button.default\">\n\t\t\t\t<div class=\"elementor-widget-container\">\n\t\t\t\t\t\t\t\t\t<div class=\"elementor-button-wrapper\">\n\t\t\t\t\t<a class=\"elementor-button elementor-button-link elementor-size-sm\" href=\"https:\/\/www.candelaink.es\/en\/trabajos\/\">\n\t\t\t\t\t\t<span class=\"elementor-button-content-wrapper\">\n\t\t\t\t\t\t\t\t\t<span class=\"elementor-button-text\">See my works<\/span>\n\t\t\t\t\t<\/span>\n\t\t\t\t\t<\/a>\n\t\t\t\t<\/div>\n\t\t\t\t\t\t\t\t<\/div>\n\t\t\t\t<\/div>\n\t\t\t\t\t<\/div>\n\t\t<\/div>\n\t\t\t\t\t<\/div>\n\t\t<\/section>\n\t\t\t\t\t<\/div>\n\t\t<\/div>\n\t\t\t\t\t<\/div>\n\t\t<\/section>\n\t\t\t\t<\/div>","protected":false},"excerpt":{"rendered":"<p>Sobre m\u00ed Alfredo Candela. Dise\u00f1ador gr\u00e1fico e ilustrador freelance. Me dedico a crear piezas visuales limpias, coherentes y con personalidad. Trabajo con marcas, editoriales y estudios que valoran el poder del dise\u00f1o bien hecho. Ver mis trabajos<\/p>","protected":false},"author":1,"featured_media":0,"parent":0,"menu_order":2,"comment_status":"closed","ping_status":"closed","template":"","meta":{"_joinchat":[],"footnotes":""},"class_list":["post-450","page","type-page","status-publish","hentry"],"yoast_head":"<!-- This site is optimized with the Yoast SEO plugin v26.9 - https:\/\/yoast.com\/product\/yoast-seo-wordpress\/ -->\n<title>Sobre m\u00ed - candelaink<\/title>\n<meta name=\"description\" content=\"Dise\u00f1ador gr\u00e1fico freelance. Trabajo con marcas y proyectos que valoran el dise\u00f1o esencial, funcional y con car\u00e1cter.\" \/>\n<meta name=\"robots\" content=\"index, follow, max-snippet:-1, max-image-preview:large, max-video-preview:-1\" \/>\n<link rel=\"canonical\" href=\"https:\/\/www.candelaink.es\/en\/sobre-mi\/\" \/>\n<meta property=\"og:locale\" content=\"en_US\" \/>\n<meta property=\"og:type\" content=\"article\" \/>\n<meta property=\"og:title\" content=\"Sobre m\u00ed - candelaink\" \/>\n<meta property=\"og:description\" content=\"Dise\u00f1ador gr\u00e1fico freelance. Trabajo con marcas y proyectos que valoran el dise\u00f1o esencial, funcional y con car\u00e1cter.\" \/>\n<meta property=\"og:url\" content=\"https:\/\/www.candelaink.es\/en\/sobre-mi\/\" \/>\n<meta property=\"og:site_name\" content=\"candelaink\" \/>\n<meta property=\"article:modified_time\" content=\"2025-07-11T11:15:08+00:00\" \/>\n<meta property=\"og:image\" content=\"https:\/\/www.candelaink.es\/wp-content\/uploads\/2025\/06\/team-web-designer-working-drawing-something-on-gra-2025-03-08-13-06-36-utc-1024x683.jpg\" \/>\n<meta name=\"twitter:card\" content=\"summary_large_image\" \/>\n<script type=\"application\/ld+json\" class=\"yoast-schema-graph\">{\"@context\":\"https:\/\/schema.org\",\"@graph\":[{\"@type\":\"WebPage\",\"@id\":\"https:\/\/www.candelaink.es\/sobre-mi\/\",\"url\":\"https:\/\/www.candelaink.es\/sobre-mi\/\",\"name\":\"Sobre m\u00ed - candelaink\",\"isPartOf\":{\"@id\":\"https:\/\/www.candelaink.es\/#website\"},\"primaryImageOfPage\":{\"@id\":\"https:\/\/www.candelaink.es\/sobre-mi\/#primaryimage\"},\"image\":{\"@id\":\"https:\/\/www.candelaink.es\/sobre-mi\/#primaryimage\"},\"thumbnailUrl\":\"https:\/\/www.candelaink.es\/wp-content\/uploads\/2025\/06\/team-web-designer-working-drawing-something-on-gra-2025-03-08-13-06-36-utc-1024x683.jpg\",\"datePublished\":\"2025-06-17T07:14:47+00:00\",\"dateModified\":\"2025-07-11T11:15:08+00:00\",\"description\":\"Dise\u00f1ador gr\u00e1fico freelance. Trabajo con marcas y proyectos que valoran el dise\u00f1o esencial, funcional y con car\u00e1cter.\",\"breadcrumb\":{\"@id\":\"https:\/\/www.candelaink.es\/sobre-mi\/#breadcrumb\"},\"inLanguage\":\"en-US\",\"potentialAction\":[{\"@type\":\"ReadAction\",\"target\":[\"https:\/\/www.candelaink.es\/sobre-mi\/\"]}]},{\"@type\":\"ImageObject\",\"inLanguage\":\"en-US\",\"@id\":\"https:\/\/www.candelaink.es\/sobre-mi\/#primaryimage\",\"url\":\"https:\/\/www.candelaink.es\/wp-content\/uploads\/2025\/06\/team-web-designer-working-drawing-something-on-gra-2025-03-08-13-06-36-utc-1024x683.jpg\",\"contentUrl\":\"https:\/\/www.candelaink.es\/wp-content\/uploads\/2025\/06\/team-web-designer-working-drawing-something-on-gra-2025-03-08-13-06-36-utc-1024x683.jpg\"},{\"@type\":\"BreadcrumbList\",\"@id\":\"https:\/\/www.candelaink.es\/sobre-mi\/#breadcrumb\",\"itemListElement\":[{\"@type\":\"ListItem\",\"position\":1,\"name\":\"Inicio\",\"item\":\"https:\/\/www.candelaink.es\/\"},{\"@type\":\"ListItem\",\"position\":2,\"name\":\"Sobre m\u00ed\"}]},{\"@type\":\"WebSite\",\"@id\":\"https:\/\/www.candelaink.es\/#website\",\"url\":\"https:\/\/www.candelaink.es\/\",\"name\":\"candelaink\",\"description\":\"Dise\u00f1o\",\"publisher\":{\"@id\":\"https:\/\/www.candelaink.es\/#organization\"},\"potentialAction\":[{\"@type\":\"SearchAction\",\"target\":{\"@type\":\"EntryPoint\",\"urlTemplate\":\"https:\/\/www.candelaink.es\/?s={search_term_string}\"},\"query-input\":{\"@type\":\"PropertyValueSpecification\",\"valueRequired\":true,\"valueName\":\"search_term_string\"}}],\"inLanguage\":\"en-US\"},{\"@type\":\"Organization\",\"@id\":\"https:\/\/www.candelaink.es\/#organization\",\"name\":\"candelaink\",\"url\":\"https:\/\/www.candelaink.es\/\",\"logo\":{\"@type\":\"ImageObject\",\"inLanguage\":\"en-US\",\"@id\":\"https:\/\/www.candelaink.es\/#\/schema\/logo\/image\/\",\"url\":\"https:\/\/www.candelaink.es\/wp-content\/uploads\/2023\/04\/logo.jpg\",\"contentUrl\":\"https:\/\/www.candelaink.es\/wp-content\/uploads\/2023\/04\/logo.jpg\",\"width\":488,\"height\":110,\"caption\":\"candelaink\"},\"image\":{\"@id\":\"https:\/\/www.candelaink.es\/#\/schema\/logo\/image\/\"}}]}<\/script>\n<!-- \/ Yoast SEO plugin. -->","yoast_head_json":{"title":"About me - candelaink","description":"Freelance graphic designer. I work with brands and projects that value essential, functional, and distinctive design.","robots":{"index":"index","follow":"follow","max-snippet":"max-snippet:-1","max-image-preview":"max-image-preview:large","max-video-preview":"max-video-preview:-1"},"canonical":"https:\/\/www.candelaink.es\/en\/sobre-mi\/","og_locale":"en_US","og_type":"article","og_title":"Sobre m\u00ed - candelaink","og_description":"Dise\u00f1ador gr\u00e1fico freelance. Trabajo con marcas y proyectos que valoran el dise\u00f1o esencial, funcional y con car\u00e1cter.","og_url":"https:\/\/www.candelaink.es\/en\/sobre-mi\/","og_site_name":"candelaink","article_modified_time":"2025-07-11T11:15:08+00:00","og_image":[{"url":"https:\/\/www.candelaink.es\/wp-content\/uploads\/2025\/06\/team-web-designer-working-drawing-something-on-gra-2025-03-08-13-06-36-utc-1024x683.jpg","type":"","width":"","height":""}],"twitter_card":"summary_large_image","schema":{"@context":"https:\/\/schema.org","@graph":[{"@type":"WebPage","@id":"https:\/\/www.candelaink.es\/sobre-mi\/","url":"https:\/\/www.candelaink.es\/sobre-mi\/","name":"About me - candelaink","isPartOf":{"@id":"https:\/\/www.candelaink.es\/#website"},"primaryImageOfPage":{"@id":"https:\/\/www.candelaink.es\/sobre-mi\/#primaryimage"},"image":{"@id":"https:\/\/www.candelaink.es\/sobre-mi\/#primaryimage"},"thumbnailUrl":"https:\/\/www.candelaink.es\/wp-content\/uploads\/2025\/06\/team-web-designer-working-drawing-something-on-gra-2025-03-08-13-06-36-utc-1024x683.jpg","datePublished":"2025-06-17T07:14:47+00:00","dateModified":"2025-07-11T11:15:08+00:00","description":"Freelance graphic designer. I work with brands and projects that value essential, functional, and distinctive design.","breadcrumb":{"@id":"https:\/\/www.candelaink.es\/sobre-mi\/#breadcrumb"},"inLanguage":"en-US","potentialAction":[{"@type":"ReadAction","target":["https:\/\/www.candelaink.es\/sobre-mi\/"]}]},{"@type":"ImageObject","inLanguage":"en-US","@id":"https:\/\/www.candelaink.es\/sobre-mi\/#primaryimage","url":"https:\/\/www.candelaink.es\/wp-content\/uploads\/2025\/06\/team-web-designer-working-drawing-something-on-gra-2025-03-08-13-06-36-utc-1024x683.jpg","contentUrl":"https:\/\/www.candelaink.es\/wp-content\/uploads\/2025\/06\/team-web-designer-working-drawing-something-on-gra-2025-03-08-13-06-36-utc-1024x683.jpg"},{"@type":"BreadcrumbList","@id":"https:\/\/www.candelaink.es\/sobre-mi\/#breadcrumb","itemListElement":[{"@type":"ListItem","position":1,"name":"Inicio","item":"https:\/\/www.candelaink.es\/"},{"@type":"ListItem","position":2,"name":"Sobre m\u00ed"}]},{"@type":"WebSite","@id":"https:\/\/www.candelaink.es\/#website","url":"https:\/\/www.candelaink.es\/","name":"candelaink","description":"Design","publisher":{"@id":"https:\/\/www.candelaink.es\/#organization"},"potentialAction":[{"@type":"SearchAction","target":{"@type":"EntryPoint","urlTemplate":"https:\/\/www.candelaink.es\/?s={search_term_string}"},"query-input":{"@type":"PropertyValueSpecification","valueRequired":true,"valueName":"search_term_string"}}],"inLanguage":"en-US"},{"@type":"Organization","@id":"https:\/\/www.candelaink.es\/#organization","name":"candelaink","url":"https:\/\/www.candelaink.es\/","logo":{"@type":"ImageObject","inLanguage":"en-US","@id":"https:\/\/www.candelaink.es\/#\/schema\/logo\/image\/","url":"https:\/\/www.candelaink.es\/wp-content\/uploads\/2023\/04\/logo.jpg","contentUrl":"https:\/\/www.candelaink.es\/wp-content\/uploads\/2023\/04\/logo.jpg","width":488,"height":110,"caption":"candelaink"},"image":{"@id":"https:\/\/www.candelaink.es\/#\/schema\/logo\/image\/"}}]}},"_links":{"self":[{"href":"https:\/\/www.candelaink.es\/en\/wp-json\/wp\/v2\/pages\/450","targetHints":{"allow":["GET"]}}],"collection":[{"href":"https:\/\/www.candelaink.es\/en\/wp-json\/wp\/v2\/pages"}],"about":[{"href":"https:\/\/www.candelaink.es\/en\/wp-json\/wp\/v2\/types\/page"}],"author":[{"embeddable":true,"href":"https:\/\/www.candelaink.es\/en\/wp-json\/wp\/v2\/users\/1"}],"replies":[{"embeddable":true,"href":"https:\/\/www.candelaink.es\/en\/wp-json\/wp\/v2\/comments?post=450"}],"version-history":[{"count":35,"href":"https:\/\/www.candelaink.es\/en\/wp-json\/wp\/v2\/pages\/450\/revisions"}],"predecessor-version":[{"id":943,"href":"https:\/\/www.candelaink.es\/en\/wp-json\/wp\/v2\/pages\/450\/revisions\/943"}],"wp:attachment":[{"href":"https:\/\/www.candelaink.es\/en\/wp-json\/wp\/v2\/media?parent=450"}],"curies":[{"name":"wp","href":"https:\/\/api.w.org\/{rel}","templated":true}]}}