{"id":88,"date":"2023-03-01T14:03:52","date_gmt":"2023-03-01T13:03:52","guid":{"rendered":"https:\/\/www.candelaink.es\/?page_id=88"},"modified":"2023-11-05T17:42:42","modified_gmt":"2023-11-05T16:42:42","slug":"politica-de-cookies","status":"publish","type":"page","link":"https:\/\/www.candelaink.es\/en\/politica-de-cookies\/","title":{"rendered":"Cookie Policy"},"content":{"rendered":"<p>This website uses cookies. Here&#039;s an explanation of what cookies are and how we use them on our website. You can change your cookie preferences at any time:<\/p>\n<p style=\"text-align: center;\"><a href=\"#\" class=\"_brlbs-btn-cookie-preference borlabs-cookie-preference\">Cookie preferences<\/a><\/p>\n<hr \/>\n<p>In compliance with Law 34\/2002, of July 11, on Information Society Services and Electronic Commerce, we inform you that this website, like most websites on the Internet, uses cookies to improve and optimize the user experience.<\/p>\n<p>Below you will find detailed information about what cookies are, what types this website uses, how to change your cookie settings, and what happens if you disable cookies.<\/p>\n<h2>What are Cookies?<\/h2>\n<p>A cookie is a small file that is downloaded to the user&#039;s computer to store data, which can then be updated and retrieved by the entity responsible for its installation.<\/p>\n<h2>What type of cookies does this website use?<\/h2>\n<p>Below is a table showing the cookies used on this website. You can learn about transfers to third countries, if any, made by the third parties identified in this cookie policy in their respective policies.<\/p>\n<div class=\"BorlabsCookie\"><h3 class=\"_brlbs _brlbs-cg-essential\">Essential<\/h3><p class=\"_brlbs _brlbs-cg-essential\">Essential cookies enable basic functions and are necessary for the proper functioning of the website.<\/p><h4 class=\"_brlbs _brlbs-c-borlabs-cookie\">Borlabs Cookie<\/h4><div class=\"_brlbs-responsive-table\"><table class=\"_brlbs _brlbs-c-borlabs-cookie\"><tr><th scope=\"row\">Name<\/th><td>Borlabs Cookie<\/td><\/tr><tr><th scope=\"row\">Supplier<\/th><td>Owner of this website<span>, <\/span><a href=\"https:\/\/www.candelaink.es\/en\/aviso-legal\/\">Legal notice<\/a><\/td><\/tr><tr><th scope=\"row\">Purpose<\/th><td>Saves the visitor preferences selected in the Borlabs Cookie Box.<\/td><\/tr><tr><th scope=\"row\">Cookie name<\/th><td>borlabs-cookie<\/td><\/tr><tr><th scope=\"row\">Cookie expiration<\/th><td>1 year<\/td><\/tr><\/table><\/div><h3 class=\"_brlbs _brlbs-cg-statistics\">Statistics<\/h3><p class=\"_brlbs _brlbs-cg-statistics\">Statistics cookies collect information anonymously. This information helps us understand how our visitors use our website.<\/p><h3 class=\"_brlbs _brlbs-cg-external-media\">External media<\/h3><p class=\"_brlbs _brlbs-cg-external-media\">Content from video platforms and social media platforms is blocked by default. If external media cookies are accepted, access to those contents no longer requires manual consent.<\/p><h4 class=\"_brlbs _brlbs-c-googlemaps\">Google Maps<\/h4><div class=\"_brlbs-responsive-table\"><table class=\"_brlbs _brlbs-c-googlemaps\"><tr><th scope=\"row\">Name<\/th><td>Google Maps<\/td><\/tr><tr><th scope=\"row\">Supplier<\/th><td>Google Ireland Limited, Gordon House, Barrow Street, Dublin 4, Ireland<\/td><\/tr><tr><th scope=\"row\">Purpose<\/th><td>Used to unblock Google Maps content.<\/td><\/tr><tr><th scope=\"row\">Privacy Policy<\/th><td><a href=\"https:\/\/policies.google.com\/privacy?hl=enl=en\" target=\"_blank\" rel=\"nofollow noopener noreferrer\">https:\/\/policies.google.com\/privacy?hl=enl=en<\/a><\/td><\/tr><tr><th scope=\"row\">Host(s)<\/th><td>.google.com<\/td><\/tr><tr><th scope=\"row\">Cookie name<\/th><td>NID<\/td><\/tr><tr><th scope=\"row\">Cookie expiration<\/th><td>6 months<\/td><\/tr><\/table><\/div><\/div>\n<h2>How can you configure your Cookies?<\/h2>\n<p>By browsing and continuing on our website, you consent to the use of cookies under the conditions contained in this Cookie Policy. As a user, you have the right to block, delete, and reject the use of cookies at any time by modifying your browser options.<\/p>\n<p>For example:<\/p>\n<ol>\n<li>Internet Explorer: Tools &gt; Internet Options &gt; Privacy &gt; Settings. For more information, you can consult Microsoft support or your browser&#039;s Help.<\/li>\n<li>Mozilla Firefox: Tools &gt; Options &gt; Privacy &gt; History &gt; Custom Settings. For more information, please consult Mozilla Support or the browser&#039;s Help.<\/li>\n<li>Google Chrome: Settings &gt; Show advanced settings &gt; Privacy &gt; Content settings. For more information, you can consult Google support or your browser&#039;s Help.<\/li>\n<li>Safari: Preferences &gt; Security. For more information, you can consult Apple Support or the browser&#039;s Help.<\/li>\n<li>Opera: Settings &gt; Options &gt; Advanced &gt; Cookies For more information, you can consult Opera support or your browser&#039;s Help.<\/li>\n<\/ol>\n<p>If you&#039;re using a browser other than the ones mentioned above, please check its policy for installing, using, and blocking cookies.<\/p>\n<h2>Your consent history<\/h2>\n<div class=\"BorlabsCookie\" data-borlabs-cookie-consent-history><div class=\"_brlbs-responsive-table\"><table class=\"_brlbs-table\"><thead><tr><th class=\"_brlbs-table-date\" scope=\"col\">Date<\/th><th class=\"_brlbs-table-version\" scope=\"col\">Version<\/th><th class=\"_brlbs-table-consents\" scope=\"col\">Consents<\/th><\/tr><\/thead><\/table><\/div><\/div>\n<h2>What happens if cookies are disabled?<\/h2>\n<p>Some features of the Services or areas of this website may not function properly.<\/p>\n<h2>Should we update our Cookie Policy?<\/h2>\n<p>We may update our website&#039;s Cookie Policy, so our lawyers urge you to review this policy each time you access our website, so you&#039;re fully informed about how and why we use Cookies.<\/p>","protected":false},"excerpt":{"rendered":"<p>Esta web utiliza cookies. Aqu\u00ed te explicamos qu\u00e9 son las cookies y c\u00f3mo las usamos en nuestra web. Puedes cambiar tus preferencias de cookies en cualquier momento: En cumplimiento de la Ley 34\/2002, de 11 de julio, de Servicios de la Sociedad de la Informaci\u00f3n y Comercio Electr\u00f3nico, te informamos de que este sitio web, [&hellip;]<\/p>","protected":false},"author":1,"featured_media":0,"parent":0,"menu_order":7,"comment_status":"closed","ping_status":"closed","template":"","meta":{"_joinchat":[],"footnotes":""},"class_list":["post-88","page","type-page","status-publish","hentry"],"yoast_head":"<!-- This site is optimized with the Yoast SEO plugin v26.9 - https:\/\/yoast.com\/product\/yoast-seo-wordpress\/ -->\n<title>Pol\u00edtica de cookies - candelaink<\/title>\n<meta name=\"description\" content=\"Pol\u00edtica de cookies de candelaink\" \/>\n<meta name=\"robots\" content=\"index, follow, max-snippet:-1, max-image-preview:large, max-video-preview:-1\" \/>\n<link rel=\"canonical\" href=\"https:\/\/www.candelaink.es\/en\/politica-de-cookies\/\" \/>\n<meta property=\"og:locale\" content=\"en_US\" \/>\n<meta property=\"og:type\" content=\"article\" \/>\n<meta property=\"og:title\" content=\"Pol\u00edtica de cookies - candelaink\" \/>\n<meta property=\"og:description\" content=\"Pol\u00edtica de cookies de candelaink\" \/>\n<meta property=\"og:url\" content=\"https:\/\/www.candelaink.es\/en\/politica-de-cookies\/\" \/>\n<meta property=\"og:site_name\" content=\"candelaink\" \/>\n<meta property=\"article:modified_time\" content=\"2023-11-05T16:42:42+00:00\" \/>\n<meta property=\"og:image\" content=\"https:\/\/www.candelaink.es\/wp-content\/uploads\/2023\/04\/image.png\" \/>\n\t<meta property=\"og:image:width\" content=\"1024\" \/>\n\t<meta property=\"og:image:height\" content=\"1024\" \/>\n\t<meta property=\"og:image:type\" content=\"image\/png\" \/>\n<meta name=\"twitter:card\" content=\"summary_large_image\" \/>\n<script type=\"application\/ld+json\" class=\"yoast-schema-graph\">{\"@context\":\"https:\/\/schema.org\",\"@graph\":[{\"@type\":\"WebPage\",\"@id\":\"https:\/\/www.candelaink.es\/politica-de-cookies\/\",\"url\":\"https:\/\/www.candelaink.es\/politica-de-cookies\/\",\"name\":\"Pol\u00edtica de cookies - candelaink\",\"isPartOf\":{\"@id\":\"https:\/\/www.candelaink.es\/#website\"},\"datePublished\":\"2023-03-01T13:03:52+00:00\",\"dateModified\":\"2023-11-05T16:42:42+00:00\",\"description\":\"Pol\u00edtica de cookies de candelaink\",\"breadcrumb\":{\"@id\":\"https:\/\/www.candelaink.es\/politica-de-cookies\/#breadcrumb\"},\"inLanguage\":\"en-US\",\"potentialAction\":[{\"@type\":\"ReadAction\",\"target\":[\"https:\/\/www.candelaink.es\/politica-de-cookies\/\"]}]},{\"@type\":\"BreadcrumbList\",\"@id\":\"https:\/\/www.candelaink.es\/politica-de-cookies\/#breadcrumb\",\"itemListElement\":[{\"@type\":\"ListItem\",\"position\":1,\"name\":\"Inicio\",\"item\":\"https:\/\/www.candelaink.es\/\"},{\"@type\":\"ListItem\",\"position\":2,\"name\":\"Pol\u00edtica de cookies\"}]},{\"@type\":\"WebSite\",\"@id\":\"https:\/\/www.candelaink.es\/#website\",\"url\":\"https:\/\/www.candelaink.es\/\",\"name\":\"candelaink\",\"description\":\"Dise\u00f1o\",\"publisher\":{\"@id\":\"https:\/\/www.candelaink.es\/#organization\"},\"potentialAction\":[{\"@type\":\"SearchAction\",\"target\":{\"@type\":\"EntryPoint\",\"urlTemplate\":\"https:\/\/www.candelaink.es\/?s={search_term_string}\"},\"query-input\":{\"@type\":\"PropertyValueSpecification\",\"valueRequired\":true,\"valueName\":\"search_term_string\"}}],\"inLanguage\":\"en-US\"},{\"@type\":\"Organization\",\"@id\":\"https:\/\/www.candelaink.es\/#organization\",\"name\":\"candelaink\",\"url\":\"https:\/\/www.candelaink.es\/\",\"logo\":{\"@type\":\"ImageObject\",\"inLanguage\":\"en-US\",\"@id\":\"https:\/\/www.candelaink.es\/#\/schema\/logo\/image\/\",\"url\":\"https:\/\/www.candelaink.es\/wp-content\/uploads\/2023\/04\/logo.jpg\",\"contentUrl\":\"https:\/\/www.candelaink.es\/wp-content\/uploads\/2023\/04\/logo.jpg\",\"width\":488,\"height\":110,\"caption\":\"candelaink\"},\"image\":{\"@id\":\"https:\/\/www.candelaink.es\/#\/schema\/logo\/image\/\"}}]}<\/script>\n<!-- \/ Yoast SEO plugin. -->","yoast_head_json":{"title":"Cookies policy - candelaink","description":"candelaink cookie policy","robots":{"index":"index","follow":"follow","max-snippet":"max-snippet:-1","max-image-preview":"max-image-preview:large","max-video-preview":"max-video-preview:-1"},"canonical":"https:\/\/www.candelaink.es\/en\/politica-de-cookies\/","og_locale":"en_US","og_type":"article","og_title":"Pol\u00edtica de cookies - candelaink","og_description":"Pol\u00edtica de cookies de candelaink","og_url":"https:\/\/www.candelaink.es\/en\/politica-de-cookies\/","og_site_name":"candelaink","article_modified_time":"2023-11-05T16:42:42+00:00","og_image":[{"width":1024,"height":1024,"url":"https:\/\/www.candelaink.es\/wp-content\/uploads\/2023\/04\/image.png","type":"image\/png"}],"twitter_card":"summary_large_image","schema":{"@context":"https:\/\/schema.org","@graph":[{"@type":"WebPage","@id":"https:\/\/www.candelaink.es\/politica-de-cookies\/","url":"https:\/\/www.candelaink.es\/politica-de-cookies\/","name":"Cookies policy - candelaink","isPartOf":{"@id":"https:\/\/www.candelaink.es\/#website"},"datePublished":"2023-03-01T13:03:52+00:00","dateModified":"2023-11-05T16:42:42+00:00","description":"candelaink cookie policy","breadcrumb":{"@id":"https:\/\/www.candelaink.es\/politica-de-cookies\/#breadcrumb"},"inLanguage":"en-US","potentialAction":[{"@type":"ReadAction","target":["https:\/\/www.candelaink.es\/politica-de-cookies\/"]}]},{"@type":"BreadcrumbList","@id":"https:\/\/www.candelaink.es\/politica-de-cookies\/#breadcrumb","itemListElement":[{"@type":"ListItem","position":1,"name":"Inicio","item":"https:\/\/www.candelaink.es\/"},{"@type":"ListItem","position":2,"name":"Pol\u00edtica de cookies"}]},{"@type":"WebSite","@id":"https:\/\/www.candelaink.es\/#website","url":"https:\/\/www.candelaink.es\/","name":"candelaink","description":"Design","publisher":{"@id":"https:\/\/www.candelaink.es\/#organization"},"potentialAction":[{"@type":"SearchAction","target":{"@type":"EntryPoint","urlTemplate":"https:\/\/www.candelaink.es\/?s={search_term_string}"},"query-input":{"@type":"PropertyValueSpecification","valueRequired":true,"valueName":"search_term_string"}}],"inLanguage":"en-US"},{"@type":"Organization","@id":"https:\/\/www.candelaink.es\/#organization","name":"candelaink","url":"https:\/\/www.candelaink.es\/","logo":{"@type":"ImageObject","inLanguage":"en-US","@id":"https:\/\/www.candelaink.es\/#\/schema\/logo\/image\/","url":"https:\/\/www.candelaink.es\/wp-content\/uploads\/2023\/04\/logo.jpg","contentUrl":"https:\/\/www.candelaink.es\/wp-content\/uploads\/2023\/04\/logo.jpg","width":488,"height":110,"caption":"candelaink"},"image":{"@id":"https:\/\/www.candelaink.es\/#\/schema\/logo\/image\/"}}]}},"_links":{"self":[{"href":"https:\/\/www.candelaink.es\/en\/wp-json\/wp\/v2\/pages\/88","targetHints":{"allow":["GET"]}}],"collection":[{"href":"https:\/\/www.candelaink.es\/en\/wp-json\/wp\/v2\/pages"}],"about":[{"href":"https:\/\/www.candelaink.es\/en\/wp-json\/wp\/v2\/types\/page"}],"author":[{"embeddable":true,"href":"https:\/\/www.candelaink.es\/en\/wp-json\/wp\/v2\/users\/1"}],"replies":[{"embeddable":true,"href":"https:\/\/www.candelaink.es\/en\/wp-json\/wp\/v2\/comments?post=88"}],"version-history":[{"count":1,"href":"https:\/\/www.candelaink.es\/en\/wp-json\/wp\/v2\/pages\/88\/revisions"}],"predecessor-version":[{"id":396,"href":"https:\/\/www.candelaink.es\/en\/wp-json\/wp\/v2\/pages\/88\/revisions\/396"}],"wp:attachment":[{"href":"https:\/\/www.candelaink.es\/en\/wp-json\/wp\/v2\/media?parent=88"}],"curies":[{"name":"wp","href":"https:\/\/api.w.org\/{rel}","templated":true}]}}